{"id":1293,"date":"2023-02-23T21:00:57","date_gmt":"2023-02-23T20:00:57","guid":{"rendered":"https:\/\/zik.stronazen.pl\/?page_id=1293"},"modified":"2023-03-01T09:22:17","modified_gmt":"2023-03-01T08:22:17","slug":"komunikaty","status":"publish","type":"page","link":"https:\/\/zik.stronazen.pl\/?page_id=1293","title":{"rendered":"Komunikaty"},"content":{"rendered":"\t\t<div data-elementor-type=\"wp-page\" data-elementor-id=\"1293\" class=\"elementor elementor-1293\">\n\t\t\t\t\t\t\t\t\t<section class=\"elementor-section elementor-top-section elementor-element elementor-element-771d711 elementor-section-boxed elementor-section-height-default elementor-section-height-default\" data-id=\"771d711\" data-element_type=\"section\">\n\t\t\t\t\t\t<div class=\"elementor-container elementor-column-gap-default\">\n\t\t\t\t\t<div class=\"elementor-column elementor-col-100 elementor-top-column elementor-element elementor-element-dce5074\" data-id=\"dce5074\" data-element_type=\"column\">\n\t\t\t<div class=\"elementor-widget-wrap elementor-element-populated\">\n\t\t\t\t\t\t\t\t<div class=\"elementor-element elementor-element-9f225e6 elementor-widget elementor-widget-spacer\" data-id=\"9f225e6\" data-element_type=\"widget\" data-widget_type=\"spacer.default\">\n\t\t\t\t<div class=\"elementor-widget-container\">\n\t\t\t<style>\/*! elementor - v3.11.2 - 22-02-2023 *\/\n.elementor-column .elementor-spacer-inner{height:var(--spacer-size)}.e-con{--container-widget-width:100%}.e-con-inner>.elementor-widget-spacer,.e-con>.elementor-widget-spacer{width:var(--container-widget-width,var(--spacer-size));--align-self:var(--container-widget-align-self,initial);--flex-shrink:0}.e-con-inner>.elementor-widget-spacer>.elementor-widget-container,.e-con-inner>.elementor-widget-spacer>.elementor-widget-container>.elementor-spacer,.e-con>.elementor-widget-spacer>.elementor-widget-container,.e-con>.elementor-widget-spacer>.elementor-widget-container>.elementor-spacer{height:100%}.e-con-inner>.elementor-widget-spacer>.elementor-widget-container>.elementor-spacer>.elementor-spacer-inner,.e-con>.elementor-widget-spacer>.elementor-widget-container>.elementor-spacer>.elementor-spacer-inner{height:var(--container-widget-height,var(--spacer-size))}<\/style>\t\t<div class=\"elementor-spacer\">\n\t\t\t<div class=\"elementor-spacer-inner\"><\/div>\n\t\t<\/div>\n\t\t\t\t<\/div>\n\t\t\t\t<\/div>\n\t\t\t\t<div class=\"elementor-element elementor-element-5d031de elementor-grid-eael-col-3 animated-fast elementor-grid-tablet-eael-col-2 elementor-grid-mobile-eael-col-1 elementor-invisible elementor-widget elementor-widget-eael-post-grid\" data-id=\"5d031de\" data-element_type=\"widget\" data-settings=\"{&quot;eael_post_grid_columns&quot;:&quot;eael-col-3&quot;,&quot;_animation&quot;:&quot;fadeInUp&quot;,&quot;_animation_delay&quot;:150,&quot;eael_post_grid_columns_tablet&quot;:&quot;eael-col-2&quot;,&quot;eael_post_grid_columns_mobile&quot;:&quot;eael-col-1&quot;}\" data-widget_type=\"eael-post-grid.default\">\n\t\t\t\t<div class=\"elementor-widget-container\">\n\t\t\t<div id=\"eael-post-grid-5d031de\" class=\"eael-post-grid-container\">\n            <div class=\"eael-post-grid eael-post-appender eael-post-appender-5d031de eael-post-grid-style-default\" data-layout-mode=\"masonry\"><article class=\"eael-grid-post eael-post-grid-column\" data-id=\"2558\">\n        <div class=\"eael-grid-post-holder\">\n            <div class=\"eael-grid-post-holder-inner\"><div class=\"eael-entry-wrapper\"><header class=\"eael-entry-header\"><h2 class=\"eael-entry-title\"><a\n                        class=\"eael-grid-post-link\"\n                        href=\"https:\/\/zik.stronazen.pl\/?services=przerwy-w-dostawie-wody-w-miejscowosci-biala-oraz-osiniec-13-14-04-2023\"\n                        title=\"Przerwy w dostawie wody w miejscowo\u015bci Bia\u0142a oraz Osiniec. 13-14.04.2023\">Przerwy w dostawie wody w miejscowo\u015bci Bia\u0142a oraz Osiniec. 13-14.04.2023<\/a><\/h2><\/header><div class=\"eael-entry-header-after\"><div class=\"eael-author-avatar\"><a href=\"https:\/\/zik.stronazen.pl\/?author=1\"><img alt='' src='https:\/\/secure.gravatar.com\/avatar\/3902547404badc3e6cfd37f268405532?s=96&#038;d=blank&#038;r=g' srcset='https:\/\/secure.gravatar.com\/avatar\/3902547404badc3e6cfd37f268405532?s=192&#038;d=blank&#038;r=g 2x' class='avatar avatar-96 photo' height='96' width='96' \/><\/a><\/div><\/div><div class=\"eael-entry-content\">\n                        <div class=\"eael-grid-post-excerpt\"><p>Informujemy, \u017ce w dniach 13-14.04.2023 r.w miejscowo\u015bci Bia\u0142a oraz Osiniec,...<\/p><a\n                            href=\"https:\/\/zik.stronazen.pl\/?services=przerwy-w-dostawie-wody-w-miejscowosci-biala-oraz-osiniec-13-14-04-2023\"\n                            class=\"eael-post-elements-readmore-btn\">Wi\u0119cej<\/a><\/div>\n                    <\/div><\/div><\/div>\n        <\/div>\n    <\/article><article class=\"eael-grid-post eael-post-grid-column\" data-id=\"1358\">\n        <div class=\"eael-grid-post-holder\">\n            <div class=\"eael-grid-post-holder-inner\"><div class=\"eael-entry-media\"><div class=\"eael-entry-overlay fade-in\"><i class=\"icon icon-Document-Search\" aria-hidden=\"true\"><\/i><a href=\"https:\/\/zik.stronazen.pl\/?services=nowe-przylacze-wodne-na-ulicy-domowej\"><\/a><\/div><div class=\"eael-entry-thumbnail \">\n                <img loading=\"lazy\" decoding=\"async\" width=\"300\" height=\"144\" src=\"https:\/\/zik.stronazen.pl\/wp-content\/uploads\/2023\/02\/grafika_dzialanosc-300x144.jpg\" class=\"attachment-medium size-medium wp-image-1426\" alt=\"\" srcset=\"https:\/\/zik.stronazen.pl\/wp-content\/uploads\/2023\/02\/grafika_dzialanosc-300x144.jpg 300w, https:\/\/zik.stronazen.pl\/wp-content\/uploads\/2023\/02\/grafika_dzialanosc-1024x492.jpg 1024w, https:\/\/zik.stronazen.pl\/wp-content\/uploads\/2023\/02\/grafika_dzialanosc-768x369.jpg 768w, https:\/\/zik.stronazen.pl\/wp-content\/uploads\/2023\/02\/grafika_dzialanosc.jpg 1199w\" sizes=\"(max-width: 300px) 100vw, 300px\" \/>\n            <\/div>\n        <\/div><div class=\"eael-entry-wrapper\"><header class=\"eael-entry-header\"><h2 class=\"eael-entry-title\"><a\n                        class=\"eael-grid-post-link\"\n                        href=\"https:\/\/zik.stronazen.pl\/?services=nowe-przylacze-wodne-na-ulicy-domowej\"\n                        title=\"Podsumowanie 2022 roku w trzcianeckich wodoci\u0105gach i kanalizacji\">Podsumowanie 2022 roku w trzcianeckich wodoci\u0105gach i kanalizacji<\/a><\/h2><\/header><div class=\"eael-entry-header-after\"><div class=\"eael-author-avatar\"><a href=\"https:\/\/zik.stronazen.pl\/?author=1\"><img alt='' src='https:\/\/secure.gravatar.com\/avatar\/3902547404badc3e6cfd37f268405532?s=96&#038;d=blank&#038;r=g' srcset='https:\/\/secure.gravatar.com\/avatar\/3902547404badc3e6cfd37f268405532?s=192&#038;d=blank&#038;r=g 2x' class='avatar avatar-96 photo' height='96' width='96' \/><\/a><\/div><\/div><div class=\"eael-entry-content\">\n                        <div class=\"eael-grid-post-excerpt\"><p>Trzcianka, dnia 20 stycze\u0144 2023 Inwestycje 2022: 8 366 791,...<\/p><a\n                            href=\"https:\/\/zik.stronazen.pl\/?services=nowe-przylacze-wodne-na-ulicy-domowej\"\n                            class=\"eael-post-elements-readmore-btn\">Wi\u0119cej<\/a><\/div>\n                    <\/div><\/div><\/div>\n        <\/div>\n    <\/article><\/div>\n            <div class=\"clearfix\"><\/div>\n        <\/div>            <div class=\"eael-load-more-button-wrap eael-force-hide\">\n                <button class=\"eael-load-more-button\" id=\"eael-load-more-btn-5d031de\" data-widget-id=\"5d031de\" data-widget=\"5d031de\" data-page-id=\"1293\" data-nonce=\"9b0ae7a9f4\" data-template=\"{&quot;dir&quot;:&quot;lite&quot;,&quot;file_name&quot;:&quot;default.php&quot;,&quot;name&quot;:&quot;Post-Grid&quot;}\" data-class=\"Essential_Addons_Elementor\\Elements\\Post_Grid\" data-layout=\"masonry\" data-page=\"1\" data-args=\"orderby=date&amp;order=desc&amp;ignore_sticky_posts=1&amp;post_status=publish&amp;posts_per_page=&amp;offset=0&amp;post_type=services&amp;tax_query%5B0%5D%5Btaxonomy%5D=category&amp;tax_query%5B0%5D%5Bfield%5D=term_id&amp;tax_query%5B0%5D%5Bterms%5D%5B0%5D=8&amp;tax_query%5Brelation%5D=AND\" data-max-page=\"2\">\n                    <div class=\"eael-btn-loader button__loader\"><\/div>\n                    <span>Load More<\/span>\n                <\/button>\n            <\/div>\n        \t\t<\/div>\n\t\t\t\t<\/div>\n\t\t\t\t\t<\/div>\n\t\t<\/div>\n\t\t\t\t\t\t\t<\/div>\n\t\t<\/section>\n\t\t\t\t\t\t\t<\/div>\n\t\t","protected":false},"excerpt":{"rendered":"<p>Nowe przy\u0142\u0105cze wodne na ulicy Domowej Lorem ipsum dolor sit amet, consectetur adipiscing elit. Sed vestibulum&#8230; Wi\u0119cej Nowa INWESTYCJA na ul. Inwestowalnej ghfghhfhfhfhfhghgffhgfhgfhgfghgfhgghfhfhg hghvggghhhhhvhgvghvhgvhvhgvghvhvhh Wi\u0119cej 20 Lecie pracy w ZIK Pana Zikowskiego Lorem ipsum dolor sit amet, consectetur adipiscing elit. Sed vestibulum&#8230; Wi\u0119cej AWARIA PRZY\u0141\u0104CZA &#8211; brak dostepu do wodu na ul. Niewiadomej Lorem ipsum [&hellip;]<\/p>\n","protected":false},"author":1,"featured_media":0,"parent":0,"menu_order":0,"comment_status":"closed","ping_status":"closed","template":"","meta":{"_eb_attr":"","_joinchat":[],"footnotes":""},"_links":{"self":[{"href":"https:\/\/zik.stronazen.pl\/index.php?rest_route=\/wp\/v2\/pages\/1293"}],"collection":[{"href":"https:\/\/zik.stronazen.pl\/index.php?rest_route=\/wp\/v2\/pages"}],"about":[{"href":"https:\/\/zik.stronazen.pl\/index.php?rest_route=\/wp\/v2\/types\/page"}],"author":[{"embeddable":true,"href":"https:\/\/zik.stronazen.pl\/index.php?rest_route=\/wp\/v2\/users\/1"}],"replies":[{"embeddable":true,"href":"https:\/\/zik.stronazen.pl\/index.php?rest_route=%2Fwp%2Fv2%2Fcomments&post=1293"}],"version-history":[{"count":22,"href":"https:\/\/zik.stronazen.pl\/index.php?rest_route=\/wp\/v2\/pages\/1293\/revisions"}],"predecessor-version":[{"id":1706,"href":"https:\/\/zik.stronazen.pl\/index.php?rest_route=\/wp\/v2\/pages\/1293\/revisions\/1706"}],"wp:attachment":[{"href":"https:\/\/zik.stronazen.pl\/index.php?rest_route=%2Fwp%2Fv2%2Fmedia&parent=1293"}],"curies":[{"name":"wp","href":"https:\/\/api.w.org\/{rel}","templated":true}]}}