{"id":1326,"date":"2023-02-23T21:21:52","date_gmt":"2023-02-23T20:21:52","guid":{"rendered":"https:\/\/zik.stronazen.pl\/?page_id=1326"},"modified":"2024-07-01T08:24:44","modified_gmt":"2024-07-01T06:24:44","slug":"przetargi","status":"publish","type":"page","link":"https:\/\/zik.stronazen.pl\/?page_id=1326","title":{"rendered":"Przetargi"},"content":{"rendered":"\t\t<div data-elementor-type=\"wp-page\" data-elementor-id=\"1326\" class=\"elementor elementor-1326\">\n\t\t\t\t\t\t\t\t\t<section class=\"elementor-section elementor-top-section elementor-element elementor-element-b3c1cc3 elementor-section-boxed elementor-section-height-default elementor-section-height-default\" data-id=\"b3c1cc3\" data-element_type=\"section\">\n\t\t\t\t\t\t<div class=\"elementor-container elementor-column-gap-default\">\n\t\t\t\t\t<div class=\"elementor-column elementor-col-100 elementor-top-column elementor-element elementor-element-85dfab1\" data-id=\"85dfab1\" data-element_type=\"column\">\n\t\t\t<div class=\"elementor-widget-wrap elementor-element-populated\">\n\t\t\t\t\t\t\t\t<div class=\"elementor-element elementor-element-a12f347 elementor-widget elementor-widget-spacer\" data-id=\"a12f347\" data-element_type=\"widget\" data-widget_type=\"spacer.default\">\n\t\t\t\t<div class=\"elementor-widget-container\">\n\t\t\t<style>\/*! elementor - v3.11.2 - 22-02-2023 *\/\n.elementor-column .elementor-spacer-inner{height:var(--spacer-size)}.e-con{--container-widget-width:100%}.e-con-inner>.elementor-widget-spacer,.e-con>.elementor-widget-spacer{width:var(--container-widget-width,var(--spacer-size));--align-self:var(--container-widget-align-self,initial);--flex-shrink:0}.e-con-inner>.elementor-widget-spacer>.elementor-widget-container,.e-con-inner>.elementor-widget-spacer>.elementor-widget-container>.elementor-spacer,.e-con>.elementor-widget-spacer>.elementor-widget-container,.e-con>.elementor-widget-spacer>.elementor-widget-container>.elementor-spacer{height:100%}.e-con-inner>.elementor-widget-spacer>.elementor-widget-container>.elementor-spacer>.elementor-spacer-inner,.e-con>.elementor-widget-spacer>.elementor-widget-container>.elementor-spacer>.elementor-spacer-inner{height:var(--container-widget-height,var(--spacer-size))}<\/style>\t\t<div class=\"elementor-spacer\">\n\t\t\t<div class=\"elementor-spacer-inner\"><\/div>\n\t\t<\/div>\n\t\t\t\t<\/div>\n\t\t\t\t<\/div>\n\t\t\t\t\t<\/div>\n\t\t<\/div>\n\t\t\t\t\t\t\t<\/div>\n\t\t<\/section>\n\t\t\t\t<section class=\"elementor-section elementor-top-section elementor-element elementor-element-d3c4361 elementor-section-boxed elementor-section-height-default elementor-section-height-default\" data-id=\"d3c4361\" data-element_type=\"section\">\n\t\t\t\t\t\t<div class=\"elementor-container elementor-column-gap-default\">\n\t\t\t\t\t<div class=\"elementor-column elementor-col-100 elementor-top-column elementor-element elementor-element-bbb7882\" data-id=\"bbb7882\" data-element_type=\"column\">\n\t\t\t<div class=\"elementor-widget-wrap elementor-element-populated\">\n\t\t\t\t\t\t\t\t<div class=\"elementor-element elementor-element-a46c097 elementor-widget elementor-widget-image\" data-id=\"a46c097\" data-element_type=\"widget\" data-widget_type=\"image.default\">\n\t\t\t\t<div class=\"elementor-widget-container\">\n\t\t\t<style>\/*! elementor - v3.11.2 - 22-02-2023 *\/\n.elementor-widget-image{text-align:center}.elementor-widget-image a{display:inline-block}.elementor-widget-image a img[src$=\".svg\"]{width:48px}.elementor-widget-image img{vertical-align:middle;display:inline-block}<\/style>\t\t\t\t\t\t\t\t\t\t\t\t<img loading=\"lazy\" decoding=\"async\" width=\"450\" height=\"450\" src=\"https:\/\/zik.stronazen.pl\/wp-content\/uploads\/2023\/02\/zik_logo_skr.png\" class=\"attachment-large size-large wp-image-1419\" alt=\"\" srcset=\"https:\/\/zik.stronazen.pl\/wp-content\/uploads\/2023\/02\/zik_logo_skr.png 450w, https:\/\/zik.stronazen.pl\/wp-content\/uploads\/2023\/02\/zik_logo_skr-300x300.png 300w, https:\/\/zik.stronazen.pl\/wp-content\/uploads\/2023\/02\/zik_logo_skr-150x150.png 150w\" sizes=\"(max-width: 450px) 100vw, 450px\" \/>\t\t\t\t\t\t\t\t\t\t\t\t\t\t\t<\/div>\n\t\t\t\t<\/div>\n\t\t\t\t\t<\/div>\n\t\t<\/div>\n\t\t\t\t\t\t\t<\/div>\n\t\t<\/section>\n\t\t\t\t<section class=\"elementor-section elementor-top-section elementor-element elementor-element-1073109 elementor-section-boxed elementor-section-height-default elementor-section-height-default\" data-id=\"1073109\" data-element_type=\"section\">\n\t\t\t\t\t\t<div class=\"elementor-container elementor-column-gap-default\">\n\t\t\t\t\t<div class=\"elementor-column elementor-col-100 elementor-top-column elementor-element elementor-element-d6c4923\" data-id=\"d6c4923\" data-element_type=\"column\">\n\t\t\t<div class=\"elementor-widget-wrap elementor-element-populated\">\n\t\t\t\t\t\t\t\t<div class=\"elementor-element elementor-element-2236205 elementor-widget elementor-widget-text-editor\" data-id=\"2236205\" data-element_type=\"widget\" data-widget_type=\"text-editor.default\">\n\t\t\t\t<div class=\"elementor-widget-container\">\n\t\t\t<style>\/*! elementor - v3.11.2 - 22-02-2023 *\/\n.elementor-widget-text-editor.elementor-drop-cap-view-stacked .elementor-drop-cap{background-color:#818a91;color:#fff}.elementor-widget-text-editor.elementor-drop-cap-view-framed .elementor-drop-cap{color:#818a91;border:3px solid;background-color:transparent}.elementor-widget-text-editor:not(.elementor-drop-cap-view-default) .elementor-drop-cap{margin-top:8px}.elementor-widget-text-editor:not(.elementor-drop-cap-view-default) .elementor-drop-cap-letter{width:1em;height:1em}.elementor-widget-text-editor .elementor-drop-cap{float:left;text-align:center;line-height:1;font-size:50px}.elementor-widget-text-editor .elementor-drop-cap-letter{display:inline-block}<\/style>\t\t\t\t<div><span style=\"color: var( --e-global-color-secondary ); font-family: var( --e-global-typography-text-font-family ), Sans-serif;\"><span style=\"color: var( --e-global-color-secondary ); font-family: var( --e-global-typography-text-font-family ), Sans-serif;\">Wszelkie post\u0119powania o udzieleniu zam\u00f3wie\u0144 publicznych prowadzone s\u0105 na zasadach okre\u015blonych w ustawie <\/span><\/span>z dnia 11 wrze\u015bnia 2019 r. Prawo zam\u00f3wie\u0144 publicznych<span style=\"color: var( --e-global-color-secondary ); font-family: var( --e-global-typography-text-font-family ), Sans-serif;\"> (<a id=\"view:_id1:_id2:_id59:_id61:callback1:_id84:_id777:_id779:table:rRefs:0:_id811\" class=\"doc-details-link\" href=\"https:\/\/isap.sejm.gov.pl\/isap.nsf\/DocDetails.xsp?id=WDU20230001605\">Dz.U. 2023 poz. 1605<\/a>). W przypadku gdy nie maj\u0105 zastosowania przepisy ustawy, poni\u017cej przedstawiamy zasady udzielenia zam\u00f3wie\u0144 sektorowych podprogowych prowadzonych przez Zak\u0142ad In\u017cynierii Komunalnej Sp. z o.o.\u00a0 w Trzciance.<\/span><\/div>\t\t\t\t\t\t<\/div>\n\t\t\t\t<\/div>\n\t\t\t\t\t<\/div>\n\t\t<\/div>\n\t\t\t\t\t\t\t<\/div>\n\t\t<\/section>\n\t\t\t\t<section class=\"elementor-section elementor-top-section elementor-element elementor-element-07f4e0d elementor-section-boxed elementor-section-height-default elementor-section-height-default\" data-id=\"07f4e0d\" data-element_type=\"section\">\n\t\t\t\t\t\t<div class=\"elementor-container elementor-column-gap-default\">\n\t\t\t\t\t<div class=\"elementor-column elementor-col-100 elementor-top-column elementor-element elementor-element-af9b2e9\" data-id=\"af9b2e9\" data-element_type=\"column\">\n\t\t\t<div class=\"elementor-widget-wrap elementor-element-populated\">\n\t\t\t\t\t\t\t\t<div class=\"elementor-element elementor-element-4a54daf elementor-widget elementor-widget-heading\" data-id=\"4a54daf\" data-element_type=\"widget\" data-widget_type=\"heading.default\">\n\t\t\t\t<div class=\"elementor-widget-container\">\n\t\t\t<style>\/*! elementor - v3.11.2 - 22-02-2023 *\/\n.elementor-heading-title{padding:0;margin:0;line-height:1}.elementor-widget-heading .elementor-heading-title[class*=elementor-size-]>a{color:inherit;font-size:inherit;line-height:inherit}.elementor-widget-heading .elementor-heading-title.elementor-size-small{font-size:15px}.elementor-widget-heading .elementor-heading-title.elementor-size-medium{font-size:19px}.elementor-widget-heading .elementor-heading-title.elementor-size-large{font-size:29px}.elementor-widget-heading .elementor-heading-title.elementor-size-xl{font-size:39px}.elementor-widget-heading .elementor-heading-title.elementor-size-xxl{font-size:59px}<\/style><h2 class=\"elementor-heading-title elementor-size-default\"><a href=\"https:\/\/zik.stronazen.pl\/wp-content\/uploads\/2024\/01\/Klazula-informacyjna-zamowienia-publiczne.pdf\">Tre\u015b\u0107 wype\u0142nienia obowi\u0105zku informacyjnego dla uczestnik\u00f3w post\u0119powa\u0144 o zam\u00f3wienia publiczne.<\/a><\/h2>\t\t<\/div>\n\t\t\t\t<\/div>\n\t\t\t\t\t<\/div>\n\t\t<\/div>\n\t\t\t\t\t\t\t<\/div>\n\t\t<\/section>\n\t\t\t\t<section class=\"elementor-section elementor-top-section elementor-element elementor-element-86c65e4 elementor-section-boxed elementor-section-height-default elementor-section-height-default\" data-id=\"86c65e4\" data-element_type=\"section\">\n\t\t\t\t\t\t<div class=\"elementor-container elementor-column-gap-default\">\n\t\t\t\t\t<div class=\"elementor-column elementor-col-100 elementor-top-column elementor-element elementor-element-0c9081e\" data-id=\"0c9081e\" data-element_type=\"column\">\n\t\t\t<div class=\"elementor-widget-wrap elementor-element-populated\">\n\t\t\t\t\t\t\t\t<div class=\"elementor-element elementor-element-998d342 elementor-widget elementor-widget-heading\" data-id=\"998d342\" data-element_type=\"widget\" data-widget_type=\"heading.default\">\n\t\t\t\t<div class=\"elementor-widget-container\">\n\t\t\t<h2 class=\"elementor-heading-title elementor-size-default\"><a href=\"https:\/\/zik.stronazen.pl\/wp-content\/uploads\/2024\/01\/Klazula-informacyjna-zamowienia-publiczne.pdf\">Regulamin udzielania zam\u00f3wie\u0144 sektorowych podprogowych obowi\u0105zuj\u0105cy \nw Zak\u0142adzie In\u017cynierii Komunalnej Sp. z o.o. w Trzciance.<\/a><\/h2>\t\t<\/div>\n\t\t\t\t<\/div>\n\t\t\t\t\t<\/div>\n\t\t<\/div>\n\t\t\t\t\t\t\t<\/div>\n\t\t<\/section>\n\t\t\t\t<section class=\"elementor-section elementor-top-section elementor-element elementor-element-b10649c elementor-section-content-middle elementor-section-boxed elementor-section-height-default elementor-section-height-default\" data-id=\"b10649c\" data-element_type=\"section\">\n\t\t\t\t\t\t<div class=\"elementor-container elementor-column-gap-no\">\n\t\t\t\t\t<div class=\"elementor-column elementor-col-50 elementor-top-column elementor-element elementor-element-f59c744 elementor-invisible\" data-id=\"f59c744\" data-element_type=\"column\" data-settings=\"{&quot;animation&quot;:&quot;fadeInLeft&quot;,&quot;animation_mobile&quot;:&quot;fadeInLeft&quot;}\">\n\t\t\t<div class=\"elementor-widget-wrap elementor-element-populated\">\n\t\t\t\t\t\t\t\t<div class=\"elementor-element elementor-element-64d2744 elementor-widget elementor-widget-heading\" data-id=\"64d2744\" data-element_type=\"widget\" data-widget_type=\"heading.default\">\n\t\t\t\t<div class=\"elementor-widget-container\">\n\t\t\t<h2 class=\"elementor-heading-title elementor-size-default\">Przetargi<\/h2>\t\t<\/div>\n\t\t\t\t<\/div>\n\t\t\t\t\t<\/div>\n\t\t<\/div>\n\t\t\t\t<div class=\"elementor-column elementor-col-50 elementor-top-column elementor-element elementor-element-d60e3e8 elementor-invisible\" data-id=\"d60e3e8\" data-element_type=\"column\" data-settings=\"{&quot;animation&quot;:&quot;fadeInRight&quot;}\">\n\t\t\t<div class=\"elementor-widget-wrap elementor-element-populated\">\n\t\t\t\t\t\t\t\t<div class=\"elementor-element elementor-element-7af783b elementor-grid-eael-col-1 elementor-grid-tablet-eael-col-2 elementor-grid-mobile-eael-col-1 elementor-widget elementor-widget-eael-post-grid\" data-id=\"7af783b\" data-element_type=\"widget\" data-settings=\"{&quot;eael_post_grid_columns&quot;:&quot;eael-col-1&quot;,&quot;eael_post_grid_columns_tablet&quot;:&quot;eael-col-2&quot;,&quot;eael_post_grid_columns_mobile&quot;:&quot;eael-col-1&quot;}\" data-widget_type=\"eael-post-grid.default\">\n\t\t\t\t<div class=\"elementor-widget-container\">\n\t\t\t<div id=\"eael-post-grid-7af783b\" class=\"eael-post-grid-container\">\n            <div class=\"eael-post-grid eael-post-appender eael-post-appender-7af783b eael-post-grid-style-default\" data-layout-mode=\"masonry\"><article class=\"eael-grid-post eael-post-grid-column\" data-id=\"2809\">\n        <div class=\"eael-grid-post-holder\">\n            <div class=\"eael-grid-post-holder-inner\"><div class=\"eael-entry-wrapper\"><header class=\"eael-entry-header\"><h2 class=\"eael-entry-title\"><a\n                        class=\"eael-grid-post-link\"\n                        href=\"https:\/\/zik.stronazen.pl\/?services=zp-6-2024-budowa-sieci-wodociagowej-ul-kasprowicza-w-trzciance\"\n                        title=\"ZP.6.2024 &#8211; &#8220;Budowa sieci wodoci\u0105gowej &#8211; ul. Kasprowicza w Trzciance&#8221;.\u00a0\">ZP.6.2024 &#8211; &#8220;Budowa sieci wodoci\u0105gowej &#8211; ul. Kasprowicza w Trzciance&#8221;.\u00a0<\/a><\/h2><\/header><div class=\"eael-entry-content\">\n                        <div class=\"eael-grid-post-excerpt\"><p>ZP.6.2024 &#8211; za\u0142\u0105cznik nr 1 do SWZ &#8211; formularz ofertowy...<\/p><a\n                            href=\"https:\/\/zik.stronazen.pl\/?services=zp-6-2024-budowa-sieci-wodociagowej-ul-kasprowicza-w-trzciance\"\n                            class=\"eael-post-elements-readmore-btn\">Wi\u0119cej<\/a><\/div>\n                    <\/div><div class=\"eael-entry-footer\"><div class=\"eael-author-avatar\"><a href=\"https:\/\/zik.stronazen.pl\/?author=1\"><img alt='' src='https:\/\/secure.gravatar.com\/avatar\/3902547404badc3e6cfd37f268405532?s=96&#038;d=blank&#038;r=g' srcset='https:\/\/secure.gravatar.com\/avatar\/3902547404badc3e6cfd37f268405532?s=192&#038;d=blank&#038;r=g 2x' class='avatar avatar-96 photo' height='96' width='96' \/><\/a><\/div><div class=\"eael-entry-meta\"><\/div><\/div><\/div><\/div>\n        <\/div>\n    <\/article><article class=\"eael-grid-post eael-post-grid-column\" data-id=\"2801\">\n        <div class=\"eael-grid-post-holder\">\n            <div class=\"eael-grid-post-holder-inner\"><div class=\"eael-entry-wrapper\"><header class=\"eael-entry-header\"><h2 class=\"eael-entry-title\"><a\n                        class=\"eael-grid-post-link\"\n                        href=\"https:\/\/zik.stronazen.pl\/?services=zp-5-2024-budowa-sieci-wodociagowej-ul-roosevelta-i-sikorskiego-w-trzciance\"\n                        title=\"ZP.5.2024 &#8211; &#8220;Budowa sieci wodoci\u0105gowej &#8211; ul.Roosevelta i Sikorskiego w Trzciance&#8221; \u00a0\">ZP.5.2024 &#8211; &#8220;Budowa sieci wodoci\u0105gowej &#8211; ul.Roosevelta i Sikorskiego w Trzciance&#8221; \u00a0<\/a><\/h2><\/header><div class=\"eael-entry-content\">\n                        <div class=\"eael-grid-post-excerpt\"><p>ZP.5.2024 &#8211; Specyfikacja Warunk\u00f3w Zam\u00f3wienia &#8211; wodoci\u0105g Roosevelta (1)Wodoci\u0105g Roosvelta_przedmiarZP.5.2024...<\/p><a\n                            href=\"https:\/\/zik.stronazen.pl\/?services=zp-5-2024-budowa-sieci-wodociagowej-ul-roosevelta-i-sikorskiego-w-trzciance\"\n                            class=\"eael-post-elements-readmore-btn\">Wi\u0119cej<\/a><\/div>\n                    <\/div><div class=\"eael-entry-footer\"><div class=\"eael-author-avatar\"><a href=\"https:\/\/zik.stronazen.pl\/?author=1\"><img alt='' src='https:\/\/secure.gravatar.com\/avatar\/3902547404badc3e6cfd37f268405532?s=96&#038;d=blank&#038;r=g' srcset='https:\/\/secure.gravatar.com\/avatar\/3902547404badc3e6cfd37f268405532?s=192&#038;d=blank&#038;r=g 2x' class='avatar avatar-96 photo' height='96' width='96' \/><\/a><\/div><div class=\"eael-entry-meta\"><\/div><\/div><\/div><\/div>\n        <\/div>\n    <\/article><article class=\"eael-grid-post eael-post-grid-column\" data-id=\"2790\">\n        <div class=\"eael-grid-post-holder\">\n            <div class=\"eael-grid-post-holder-inner\"><div class=\"eael-entry-wrapper\"><header class=\"eael-entry-header\"><h2 class=\"eael-entry-title\"><a\n                        class=\"eael-grid-post-link\"\n                        href=\"https:\/\/zik.stronazen.pl\/?services=przetarg-zp-1-2024-dostawa-przenosnika-slimakowego-przeznaczonego-do-transportu-osadow\"\n                        title=\"PRZETARG ZP.1.2024. Dostawa przeno\u015bnika \u015blimakowego przeznaczonego do transportu osad\u00f3w.\">PRZETARG ZP.1.2024. Dostawa przeno\u015bnika \u015blimakowego przeznaczonego do transportu osad\u00f3w.<\/a><\/h2><\/header><div class=\"eael-entry-content\">\n                        <div class=\"eael-grid-post-excerpt\"><p>Pliki w za\u0142\u0105czeniu. ZP.1.2024-Zawiadomienie-o-wyborze-najkorzystniejszej-oferty-przenosnik-slimakowy.pdf ZP.1.2024-Zalacznik-nr-3-do-SWZ-wykaz-dostaw.pdf ZP.1.2024-zalacznik-nr-2-do-SWZ-przenosnik-slimakowy-wzor-umowy.pdf ZP.1.2024-zalacznik-nr-1-do-SWZ-formularz-ofertowy.pdfZP.1.2024-Specyfikacja-Warunkow-Zamowienia-dostawa-podajnika-slimakowego.pdf ZP.1.2024-Informacja-z-otwarcia-ofert.pdf<\/p><a\n                            href=\"https:\/\/zik.stronazen.pl\/?services=przetarg-zp-1-2024-dostawa-przenosnika-slimakowego-przeznaczonego-do-transportu-osadow\"\n                            class=\"eael-post-elements-readmore-btn\">Wi\u0119cej<\/a><\/div>\n                    <\/div><div class=\"eael-entry-footer\"><div class=\"eael-author-avatar\"><a href=\"https:\/\/zik.stronazen.pl\/?author=1\"><img alt='' src='https:\/\/secure.gravatar.com\/avatar\/3902547404badc3e6cfd37f268405532?s=96&#038;d=blank&#038;r=g' srcset='https:\/\/secure.gravatar.com\/avatar\/3902547404badc3e6cfd37f268405532?s=192&#038;d=blank&#038;r=g 2x' class='avatar avatar-96 photo' height='96' width='96' \/><\/a><\/div><div class=\"eael-entry-meta\"><\/div><\/div><\/div><\/div>\n        <\/div>\n    <\/article><\/div>\n            <div class=\"clearfix\"><\/div>\n        <\/div>\t\t<\/div>\n\t\t\t\t<\/div>\n\t\t\t\t\t<\/div>\n\t\t<\/div>\n\t\t\t\t\t\t\t<\/div>\n\t\t<\/section>\n\t\t\t\t\t\t\t<\/div>\n\t\t","protected":false},"excerpt":{"rendered":"<p>Wszelkie post\u0119powania o udzieleniu zam\u00f3wie\u0144 publicznych prowadzone s\u0105 na zasadach okre\u015blonych w ustawie z dnia 11 wrze\u015bnia 2019 r. Prawo zam\u00f3wie\u0144 publicznych (Dz.U. 2023 poz. 1605). W przypadku gdy nie maj\u0105 zastosowania przepisy ustawy, poni\u017cej przedstawiamy zasady udzielenia zam\u00f3wie\u0144 sektorowych podprogowych prowadzonych przez Zak\u0142ad In\u017cynierii Komunalnej Sp. z o.o.\u00a0 w Trzciance. Tre\u015b\u0107 wype\u0142nienia obowi\u0105zku informacyjnego [&hellip;]<\/p>\n","protected":false},"author":1,"featured_media":0,"parent":0,"menu_order":0,"comment_status":"closed","ping_status":"closed","template":"","meta":{"_eb_attr":"","_joinchat":[],"footnotes":""},"_links":{"self":[{"href":"https:\/\/zik.stronazen.pl\/index.php?rest_route=\/wp\/v2\/pages\/1326"}],"collection":[{"href":"https:\/\/zik.stronazen.pl\/index.php?rest_route=\/wp\/v2\/pages"}],"about":[{"href":"https:\/\/zik.stronazen.pl\/index.php?rest_route=\/wp\/v2\/types\/page"}],"author":[{"embeddable":true,"href":"https:\/\/zik.stronazen.pl\/index.php?rest_route=\/wp\/v2\/users\/1"}],"replies":[{"embeddable":true,"href":"https:\/\/zik.stronazen.pl\/index.php?rest_route=%2Fwp%2Fv2%2Fcomments&post=1326"}],"version-history":[{"count":49,"href":"https:\/\/zik.stronazen.pl\/index.php?rest_route=\/wp\/v2\/pages\/1326\/revisions"}],"predecessor-version":[{"id":2707,"href":"https:\/\/zik.stronazen.pl\/index.php?rest_route=\/wp\/v2\/pages\/1326\/revisions\/2707"}],"wp:attachment":[{"href":"https:\/\/zik.stronazen.pl\/index.php?rest_route=%2Fwp%2Fv2%2Fmedia&parent=1326"}],"curies":[{"name":"wp","href":"https:\/\/api.w.org\/{rel}","templated":true}]}}