{"id":1828,"date":"2023-03-03T09:47:42","date_gmt":"2023-03-03T08:47:42","guid":{"rendered":"https:\/\/zik.stronazen.pl\/?page_id=1828"},"modified":"2023-03-20T14:28:01","modified_gmt":"2023-03-20T13:28:01","slug":"wnioski","status":"publish","type":"page","link":"https:\/\/zik.stronazen.pl\/?page_id=1828","title":{"rendered":"Wnioski"},"content":{"rendered":"\t\t<div data-elementor-type=\"wp-page\" data-elementor-id=\"1828\" class=\"elementor elementor-1828\">\n\t\t\t\t\t\t\t\t\t<section class=\"elementor-section elementor-top-section elementor-element elementor-element-97e5be7 elementor-section-boxed elementor-section-height-default elementor-section-height-default\" data-id=\"97e5be7\" data-element_type=\"section\">\n\t\t\t\t\t\t<div class=\"elementor-container elementor-column-gap-default\">\n\t\t\t\t\t<div class=\"elementor-column elementor-col-33 elementor-top-column elementor-element elementor-element-9213b39\" data-id=\"9213b39\" data-element_type=\"column\">\n\t\t\t<div class=\"elementor-widget-wrap elementor-element-populated\">\n\t\t\t\t\t\t\t\t<div class=\"elementor-element elementor-element-b0ef186 elementor-widget elementor-widget-heading\" data-id=\"b0ef186\" data-element_type=\"widget\" data-widget_type=\"heading.default\">\n\t\t\t\t<div class=\"elementor-widget-container\">\n\t\t\t<style>\/*! elementor - v3.11.2 - 22-02-2023 *\/\n.elementor-heading-title{padding:0;margin:0;line-height:1}.elementor-widget-heading .elementor-heading-title[class*=elementor-size-]>a{color:inherit;font-size:inherit;line-height:inherit}.elementor-widget-heading .elementor-heading-title.elementor-size-small{font-size:15px}.elementor-widget-heading .elementor-heading-title.elementor-size-medium{font-size:19px}.elementor-widget-heading .elementor-heading-title.elementor-size-large{font-size:29px}.elementor-widget-heading .elementor-heading-title.elementor-size-xl{font-size:39px}.elementor-widget-heading .elementor-heading-title.elementor-size-xxl{font-size:59px}<\/style><h2 class=\"elementor-heading-title elementor-size-default\"><b>wNIOSKI<\/b><\/h2>\t\t<\/div>\n\t\t\t\t<\/div>\n\t\t\t\t\t<\/div>\n\t\t<\/div>\n\t\t\t\t<div class=\"elementor-column elementor-col-66 elementor-top-column elementor-element elementor-element-28fa16d\" data-id=\"28fa16d\" data-element_type=\"column\">\n\t\t\t<div class=\"elementor-widget-wrap elementor-element-populated\">\n\t\t\t\t\t\t\t\t<div class=\"elementor-element elementor-element-604646e elementor-widget elementor-widget-toggle\" data-id=\"604646e\" data-element_type=\"widget\" data-widget_type=\"toggle.default\">\n\t\t\t\t<div class=\"elementor-widget-container\">\n\t\t\t<style>\/*! elementor - v3.11.2 - 22-02-2023 *\/\n.elementor-toggle{text-align:left}.elementor-toggle .elementor-tab-title{font-weight:700;line-height:1;margin:0;padding:15px;border-bottom:1px solid #d4d4d4;cursor:pointer;outline:none}.elementor-toggle .elementor-tab-title .elementor-toggle-icon{display:inline-block;width:1em}.elementor-toggle .elementor-tab-title .elementor-toggle-icon svg{-webkit-margin-start:-5px;margin-inline-start:-5px;width:1em;height:1em}.elementor-toggle .elementor-tab-title .elementor-toggle-icon.elementor-toggle-icon-right{float:right;text-align:right}.elementor-toggle .elementor-tab-title .elementor-toggle-icon.elementor-toggle-icon-left{float:left;text-align:left}.elementor-toggle .elementor-tab-title .elementor-toggle-icon .elementor-toggle-icon-closed{display:block}.elementor-toggle .elementor-tab-title .elementor-toggle-icon .elementor-toggle-icon-opened{display:none}.elementor-toggle .elementor-tab-title.elementor-active{border-bottom:none}.elementor-toggle .elementor-tab-title.elementor-active .elementor-toggle-icon-closed{display:none}.elementor-toggle .elementor-tab-title.elementor-active .elementor-toggle-icon-opened{display:block}.elementor-toggle .elementor-tab-content{padding:15px;border-bottom:1px solid #d4d4d4;display:none}@media (max-width:767px){.elementor-toggle .elementor-tab-title{padding:12px}.elementor-toggle .elementor-tab-content{padding:12px 10px}}.e-con-inner>.elementor-widget-toggle,.e-con>.elementor-widget-toggle{width:var(--container-widget-width);--flex-grow:var(--container-widget-flex-grow)}<\/style>\t\t<div class=\"elementor-toggle\" role=\"tablist\">\n\t\t\t\t\t\t\t<div class=\"elementor-toggle-item\">\n\t\t\t\t\t<div id=\"elementor-tab-title-1001\" class=\"elementor-tab-title\" data-tab=\"1\" role=\"tab\" aria-controls=\"elementor-tab-content-1001\" aria-expanded=\"false\">\n\t\t\t\t\t\t\t\t\t\t\t\t<span class=\"elementor-toggle-icon elementor-toggle-icon-left\" aria-hidden=\"true\">\n\t\t\t\t\t\t\t\t\t\t\t\t\t\t\t<span class=\"elementor-toggle-icon-closed\"><i class=\"fas fa-caret-right\"><\/i><\/span>\n\t\t\t\t\t\t\t\t<span class=\"elementor-toggle-icon-opened\"><i class=\"elementor-toggle-icon-opened fas fa-caret-up\"><\/i><\/span>\n\t\t\t\t\t\t\t\t\t\t\t\t\t<\/span>\n\t\t\t\t\t\t\t\t\t\t\t\t<a href=\"\" class=\"elementor-toggle-title\">Wnioski dotycz\u0105ce przy\u0142\u0119czenia do sieci wodno-kanalizacyjnej<\/a>\n\t\t\t\t\t<\/div>\n\n\t\t\t\t\t<div id=\"elementor-tab-content-1001\" class=\"elementor-tab-content elementor-clearfix\" data-tab=\"1\" role=\"tabpanel\" aria-labelledby=\"elementor-tab-title-1001\"><p><a href=\"https:\/\/zik.stronazen.pl\/wp-content\/uploads\/2023\/03\/1.1.-Wniosek-o-zapewnienie-mozliwosci-przylaczenia-nieruchomosci-do-sieci.pdf\" target=\"_blank\" rel=\"noopener\">1.1. Wniosek o zapewnienie mo\u017cliwo\u015bci przy\u0142\u0105czenia nieruchomo\u015bci do sieci.<\/a><\/p><p><a href=\"https:\/\/zik.stronazen.pl\/wp-content\/uploads\/2023\/03\/1.2.-Wniosek-o-przylaczenie-do-sieci.pdf\" target=\"_blank\" rel=\"noopener\">1.2. Wniosek o przylaczenie do sieci.<\/a><\/p><p><a href=\"https:\/\/zik.stronazen.pl\/wp-content\/uploads\/2023\/03\/1.2.1.-Oswiadczenie-o-posiadanym-prawie-do-dysponowania-nieruchomoscia..pdf\" target=\"_blank\" rel=\"noopener\">1.2.1. O\u015bwiadczenie o posiadanym prawie do dysponowania nieruchomo\u015bci\u0105<\/a>.<\/p><p><a href=\"https:\/\/zik.stronazen.pl\/wp-content\/uploads\/2023\/03\/1.3.-Wniosek-o-uzgodnienie-dokumentacji-projektowej..pdf\" target=\"_blank\" rel=\"noopener\">1.3. Wniosek o uzgodnienie dokumentacji projektowej.<\/a><\/p><p><a href=\"https:\/\/zik.stronazen.pl\/wp-content\/uploads\/2023\/03\/1.4.-Zawiadomienie-o-rozpoczeciu-robot...pdf\" target=\"_blank\" rel=\"noopener\">1.4. Zawiadomienie o rozpocz\u0119ciu rob\u00f3t.<\/a><\/p><p><a href=\"https:\/\/zik.stronazen.pl\/wp-content\/uploads\/2023\/03\/1.5.-Wniosek-o-wydanie-opinii-o-zgodnosci-wykonania-przylacza-wodociagowego-kanalizacyjnego.pdf\" target=\"_blank\" rel=\"noopener\">1.5. Wniosek o wydanie opinii o zgodno\u015bci wykonania przy\u0142\u0105cza wodoci\u0105gowego, kanalizacyjnego.<\/a><\/p><\/div>\n\t\t\t\t<\/div>\n\t\t\t\t\t\t\t<div class=\"elementor-toggle-item\">\n\t\t\t\t\t<div id=\"elementor-tab-title-1002\" class=\"elementor-tab-title\" data-tab=\"2\" role=\"tab\" aria-controls=\"elementor-tab-content-1002\" aria-expanded=\"false\">\n\t\t\t\t\t\t\t\t\t\t\t\t<span class=\"elementor-toggle-icon elementor-toggle-icon-left\" aria-hidden=\"true\">\n\t\t\t\t\t\t\t\t\t\t\t\t\t\t\t<span class=\"elementor-toggle-icon-closed\"><i class=\"fas fa-caret-right\"><\/i><\/span>\n\t\t\t\t\t\t\t\t<span class=\"elementor-toggle-icon-opened\"><i class=\"elementor-toggle-icon-opened fas fa-caret-up\"><\/i><\/span>\n\t\t\t\t\t\t\t\t\t\t\t\t\t<\/span>\n\t\t\t\t\t\t\t\t\t\t\t\t<a href=\"\" class=\"elementor-toggle-title\">Wnioski dotycz\u0105ce zawarcia umowy wodno-kanalizacyjnej<\/a>\n\t\t\t\t\t<\/div>\n\n\t\t\t\t\t<div id=\"elementor-tab-content-1002\" class=\"elementor-tab-content elementor-clearfix\" data-tab=\"2\" role=\"tabpanel\" aria-labelledby=\"elementor-tab-title-1002\"><p><a href=\"https:\/\/zik.stronazen.pl\/wp-content\/uploads\/2023\/03\/2.1.-Wniosek-o-zawarcie-umowy-o-zaopatrzenie-w-wode-i-lub-odprowadzanie-sciekow..pdf\">2.1. Wniosek o zawarcie umowy o zaopatrzenie w wod\u0119 i-lub odprowadzanie \u015bciek\u00f3w.<\/a><\/p><p><a href=\"https:\/\/zik.stronazen.pl\/wp-content\/uploads\/2023\/03\/2.1.1.-Oswiadczenie-wlasciciela-wspolwlasciciela-nieruchomosci-zawarcie-umowy-przez-osobe-trzecia-zalacznik-do-wniosku-o-zawarcie-umowy.pdf\">2.1.1. O\u015bwiadczenie w\u0142a\u015bciciela-wsp\u00f3\u0142w\u0142a\u0107ciciela nieruchomo\u015bci zawarcie umowy przez osob\u0119 trzeci\u0105 -za\u0142\u0105cznik do wniosku o zawarcie umowy.<\/a><\/p><p><a href=\"https:\/\/zik.stronazen.pl\/wp-content\/uploads\/2023\/03\/2.1.2.-Protokol-zdawczo-odbiorczy-danych-ze-wskazaniami-wodomierzy-na-dzien-przejecia-przekazania-lokalu.pdf\">2.1.2. Protok\u00f3\u0142 zdawczo-odbiorczy.<\/a><\/p><p><a href=\"https:\/\/zik.stronazen.pl\/wp-content\/uploads\/2023\/03\/2.2.-Wniosek-o-zawarcie-umowy-na-korzystanie-z-urzadzen-kanalizacji-deszczowej.pdf\">2.2. Wniosek o zawarcie umowy na korzystanie z urz\u0105dze\u0144 kanalizacji deszczowej.<\/a><\/p><p><a href=\"https:\/\/zik.stronazen.pl\/wp-content\/uploads\/2023\/03\/2.3.-Wniosek-o-rozwiazanie-umowy-na-zdostawe-wody-odbior-sciekow..pdf\">2.3. Wniosek o rozwi\u0105zanie umowy na dostaw\u0119 wody, odbi\u00f3r \u015bciek\u00f3w.<\/a><\/p><p><a href=\"https:\/\/zik.stronazen.pl\/wp-content\/uploads\/2023\/03\/2.4.-Wniosek-o-zmiane-danych-objetych-umowa.pdf\">2.4. Wniosek o zmian\u0119 danych obj\u0119tych umow\u0105.<\/a><\/p><p><a href=\"https:\/\/zik.stronazen.pl\/wp-content\/uploads\/2023\/03\/2.5.-Zlecenie-zamontowania-wymiany-demontazu-instalacji-wodomierzowej-udroznienie-kanalizacji-sanitarnej.pdf\">2.5. Zlecenie &#8211; zamontowania, wymiany, demonta\u017cu instalacji wodomierzowej, udro\u017cnienie kanalizacji sanitarnej.<\/a><\/p><p><a href=\"https:\/\/zik.stronazen.pl\/wp-content\/uploads\/2023\/03\/2.6.-Zlecenie-na-ekspertyze-wodomierza..pdf\">2.6. Zlecenie na ekspertyz\u0119 wodomierza.<\/a><\/p><p><a href=\"https:\/\/zik.stronazen.pl\/wp-content\/uploads\/2023\/03\/2.7.-Wniosek-o-niedokonywanie-odczytu-wodomierza..pdf\">2.7. Wniosek o niedokonywanie odczytu wodomierza.<\/a><\/p><\/div>\n\t\t\t\t<\/div>\n\t\t\t\t\t\t\t<div class=\"elementor-toggle-item\">\n\t\t\t\t\t<div id=\"elementor-tab-title-1003\" class=\"elementor-tab-title\" data-tab=\"3\" role=\"tab\" aria-controls=\"elementor-tab-content-1003\" aria-expanded=\"false\">\n\t\t\t\t\t\t\t\t\t\t\t\t<span class=\"elementor-toggle-icon elementor-toggle-icon-left\" aria-hidden=\"true\">\n\t\t\t\t\t\t\t\t\t\t\t\t\t\t\t<span class=\"elementor-toggle-icon-closed\"><i class=\"fas fa-caret-right\"><\/i><\/span>\n\t\t\t\t\t\t\t\t<span class=\"elementor-toggle-icon-opened\"><i class=\"elementor-toggle-icon-opened fas fa-caret-up\"><\/i><\/span>\n\t\t\t\t\t\t\t\t\t\t\t\t\t<\/span>\n\t\t\t\t\t\t\t\t\t\t\t\t<a href=\"\" class=\"elementor-toggle-title\">Inne wnioski<\/a>\n\t\t\t\t\t<\/div>\n\n\t\t\t\t\t<div id=\"elementor-tab-content-1003\" class=\"elementor-tab-content elementor-clearfix\" data-tab=\"3\" role=\"tabpanel\" aria-labelledby=\"elementor-tab-title-1003\"><p><a href=\"https:\/\/zik.stronazen.pl\/wp-content\/uploads\/2023\/03\/3.1.-Wniosek-o-odplatne-przejecie-urzadzen-wodociagowych..pdf\">3.1. Wniosek o odp\u0142atne przej\u0119cie urz\u0105dze\u0144 wodoci\u0105gowych i\/lub kanalizacyjncyh.<\/a><\/p><p><a href=\"https:\/\/zik.stronazen.pl\/wp-content\/uploads\/2023\/03\/3.2.-Wniosek-o-zapwenienie-dostepnosci-architektonicznej..pdf\">3.2. Wniosek o zapewnienie dost\u0119pno\u015bci architektonicznej.<\/a><\/p><p><a href=\"https:\/\/zik.stronazen.pl\/wp-content\/uploads\/2023\/03\/3.3.-Wniosek-o-zapewnienie-dostepnosci-cyfrowej..pdf\">3.3. Wniosek o zapewnienie dost\u0119pno\u015bci cyfrowej.<\/a><\/p><p><a href=\"https:\/\/zik.stronazen.pl\/wp-content\/uploads\/2023\/03\/3.4.-Wniosek-o-zwrot-nadplaty.pdf\"><span class=\"media-list-title\">3.4. Wniosek o zwrot nadp\u0142aty.<\/span><\/a><\/p><\/div>\n\t\t\t\t<\/div>\n\t\t\t\t\t\t\t\t<\/div>\n\t\t\t\t<\/div>\n\t\t\t\t<\/div>\n\t\t\t\t\t<\/div>\n\t\t<\/div>\n\t\t\t\t\t\t\t<\/div>\n\t\t<\/section>\n\t\t\t\t\t\t\t<\/div>\n\t\t","protected":false},"excerpt":{"rendered":"<p>wNIOSKI Wnioski dotycz\u0105ce przy\u0142\u0119czenia do sieci wodno-kanalizacyjnej 1.1. Wniosek o zapewnienie mo\u017cliwo\u015bci przy\u0142\u0105czenia nieruchomo\u015bci do sieci. 1.2. Wniosek o przylaczenie do sieci. 1.2.1. O\u015bwiadczenie o posiadanym prawie do dysponowania nieruchomo\u015bci\u0105. 1.3. Wniosek o uzgodnienie dokumentacji projektowej. 1.4. Zawiadomienie o rozpocz\u0119ciu rob\u00f3t. 1.5. Wniosek o wydanie opinii o zgodno\u015bci wykonania przy\u0142\u0105cza wodoci\u0105gowego, kanalizacyjnego. Wnioski dotycz\u0105ce zawarcia [&hellip;]<\/p>\n","protected":false},"author":1,"featured_media":0,"parent":0,"menu_order":0,"comment_status":"closed","ping_status":"closed","template":"","meta":{"_eb_attr":"","_joinchat":[],"footnotes":""},"_links":{"self":[{"href":"https:\/\/zik.stronazen.pl\/index.php?rest_route=\/wp\/v2\/pages\/1828"}],"collection":[{"href":"https:\/\/zik.stronazen.pl\/index.php?rest_route=\/wp\/v2\/pages"}],"about":[{"href":"https:\/\/zik.stronazen.pl\/index.php?rest_route=\/wp\/v2\/types\/page"}],"author":[{"embeddable":true,"href":"https:\/\/zik.stronazen.pl\/index.php?rest_route=\/wp\/v2\/users\/1"}],"replies":[{"embeddable":true,"href":"https:\/\/zik.stronazen.pl\/index.php?rest_route=%2Fwp%2Fv2%2Fcomments&post=1828"}],"version-history":[{"count":157,"href":"https:\/\/zik.stronazen.pl\/index.php?rest_route=\/wp\/v2\/pages\/1828\/revisions"}],"predecessor-version":[{"id":2435,"href":"https:\/\/zik.stronazen.pl\/index.php?rest_route=\/wp\/v2\/pages\/1828\/revisions\/2435"}],"wp:attachment":[{"href":"https:\/\/zik.stronazen.pl\/index.php?rest_route=%2Fwp%2Fv2%2Fmedia&parent=1828"}],"curies":[{"name":"wp","href":"https:\/\/api.w.org\/{rel}","templated":true}]}}